{"id":6142,"date":"2024-09-25T23:32:38","date_gmt":"2024-09-25T20:32:38","guid":{"rendered":"https:\/\/kazancihukukburosu.com\/?page_id=6142"},"modified":"2024-09-25T23:35:06","modified_gmt":"2024-09-25T20:35:06","slug":"kisisel-veri-saklama-ve-imha-politikasi","status":"publish","type":"page","link":"https:\/\/kazancihukukburosu.com\/?page_id=6142","title":{"rendered":"Ki\u015fisel Veri Saklama ve \u0130mha Politikas\u0131"},"content":{"rendered":"","protected":false},"excerpt":{"rendered":"","protected":false},"author":1,"featured_media":0,"parent":0,"menu_order":0,"comment_status":"closed","ping_status":"closed","template":"","meta":[],"_links":{"self":[{"href":"https:\/\/kazancihukukburosu.com\/index.php?rest_route=\/wp\/v2\/pages\/6142"}],"collection":[{"href":"https:\/\/kazancihukukburosu.com\/index.php?rest_route=\/wp\/v2\/pages"}],"about":[{"href":"https:\/\/kazancihukukburosu.com\/index.php?rest_route=\/wp\/v2\/types\/page"}],"author":[{"embeddable":true,"href":"https:\/\/kazancihukukburosu.com\/index.php?rest_route=\/wp\/v2\/users\/1"}],"replies":[{"embeddable":true,"href":"https:\/\/kazancihukukburosu.com\/index.php?rest_route=%2Fwp%2Fv2%2Fcomments&post=6142"}],"version-history":[{"count":2,"href":"https:\/\/kazancihukukburosu.com\/index.php?rest_route=\/wp\/v2\/pages\/6142\/revisions"}],"predecessor-version":[{"id":6144,"href":"https:\/\/kazancihukukburosu.com\/index.php?rest_route=\/wp\/v2\/pages\/6142\/revisions\/6144"}],"wp:attachment":[{"href":"https:\/\/kazancihukukburosu.com\/index.php?rest_route=%2Fwp%2Fv2%2Fmedia&parent=6142"}],"curies":[{"name":"wp","href":"https:\/\/api.w.org\/{rel}","templated":true}]}}