{"id":6153,"date":"2024-10-11T21:29:34","date_gmt":"2024-10-11T18:29:34","guid":{"rendered":"https:\/\/kazancihukukburosu.com\/?page_id=6153"},"modified":"2024-10-11T21:29:34","modified_gmt":"2024-10-11T18:29:34","slug":"cerez-aydinlatma-metni","status":"publish","type":"page","link":"https:\/\/kazancihukukburosu.com\/?page_id=6153","title":{"rendered":"\u00c7erez Ayd\u0131nlatma Metni"},"content":{"rendered":"<p style=\"text-align: center;\"><span style=\"font-weight: 400;\">KAZANCI HUKUK B\u00dcROSU VE ARABULUCULUK<\/span><\/p>\n<p style=\"text-align: center;\"><b>\u0130NTERNET <\/b> <b>S\u0130TESI \u00c7EREZ AYDINLATMA METN\u0130<\/b><\/p>\n<p><span style=\"font-weight: 400;\">Sizleri <\/span> <span style=\"font-weight: 400;\">6698 say\u0131l\u0131 Ki\u015fisel Verilerin Korunmas\u0131 Kanunu (\u201cKanun\u201d), <\/span> <span style=\"font-weight: 400;\">5651 say\u0131l\u0131 \u0130nternet Ortam\u0131nda Yap\u0131lan Yay\u0131nlar\u0131n <\/span> <span style=\"font-weight: 400;\">D\u00fczenlenmesi ve Bu Yay\u0131nlar Yoluyla \u0130\u015flenen Su\u00e7larla M\u00fccadele <\/span> <span style=\"font-weight: 400;\">Edilmesi Hakk\u0131nda Kanun ve di\u011fer ba\u011fl\u0131 mevzuatlara uygun, web <\/span> <span style=\"font-weight: 400;\">sitemizde (<\/span><span style=\"font-weight: 400;\">www.kazancihukukburosu..com<\/span><span style=\"font-weight: 400;\">) <\/span> <span style=\"font-weight: 400;\">kullan\u0131ld\u0131\u011f\u0131m\u0131z \u00e7erez t\u00fcrleri, kullan\u0131m ama\u00e7lar\u0131 ve <\/span> <span style=\"font-weight: 400;\">ayarlar\u0131, y\u00f6netilmesi ve silinmesi hakk\u0131nda bilgilendirmek <\/span> <span style=\"font-weight: 400;\">isteriz. <\/span><\/p>\n<p><span style=\"font-weight: 400;\">\u00c7erezler, <\/span> <span style=\"font-weight: 400;\">sitemizi ziyaret etti\u011finizde, sitemizin daha verimli \u00e7al\u0131\u015fmas\u0131n\u0131 <\/span> <span style=\"font-weight: 400;\">sa\u011flayan, ihtiyac\u0131n\u0131za uygun ve h\u0131zl\u0131 ki\u015fiselle\u015ftirilmi\u015f <\/span> <span style=\"font-weight: 400;\">sayfalar\u0131 sunan, taray\u0131c\u0131n\u0131z arac\u0131l\u0131\u011f\u0131yla bilgisayar\u0131n\u0131za, <\/span> <span style=\"font-weight: 400;\">cep telefonu ve tablet vd. mobil cihaz\u0131n\u0131za kaydedilen k\u00fc\u00e7\u00fck <\/span> <span style=\"font-weight: 400;\">boyutlu metin dosyalar\u0131d\u0131r. <\/span><\/p>\n<p><span style=\"font-weight: 400;\">\u00c7erezler <\/span> <span style=\"font-weight: 400;\">sitemizi ziyaret etti\u011finizde olu\u015fur, s\u00fcresine g\u00f6re taray\u0131c\u0131n\u0131n <\/span> <span style=\"font-weight: 400;\">kapat\u0131lmas\u0131na kadar ge\u00e7erli olan \u201c<\/span><b>ge\u00e7ici <\/b> <b>\u00e7erezler<\/b><span style=\"font-weight: 400;\">\u201d, <\/span> <span style=\"font-weight: 400;\">silinceye veya s\u00fcreleri doluncaya kadar ge\u00e7erli kalan \u201c<\/span><b>kal\u0131c\u0131 <\/b> <b>\u00e7erezler<\/b><span style=\"font-weight: 400;\">\u201d <\/span> <span style=\"font-weight: 400;\">kullan\u0131l\u0131r. Sitemizce <\/span> <span style=\"font-weight: 400;\">yerle\u015ftirilen <\/span> <span style=\"font-weight: 400;\">do\u011frudan site sunucusuna ait \u201c<\/span><b>birinci <\/b> <b>taraf\u201d<\/b> <span style=\"font-weight: 400;\">\u00e7erezler <\/span> <span style=\"font-weight: 400;\">ile <\/span> <span style=\"font-weight: 400;\">sitemiz <\/span> <span style=\"font-weight: 400;\">d\u0131\u015f\u0131nda <\/span> <span style=\"font-weight: 400;\">\u00fc\u00e7\u00fcnc\u00fc <\/span> <span style=\"font-weight: 400;\">ki\u015filerin size daha uygun hizmet, \u00fcr\u00fcn veya teklifler sunabilmesi <\/span> <span style=\"font-weight: 400;\">i\u00e7in ba\u015fka sunucular <\/span> <span style=\"font-weight: 400;\">taraf\u0131ndan <\/span> <span style=\"font-weight: 400;\">yerle\u015ftirilen <\/span> <span style=\"font-weight: 400;\">\u201c<\/span><b>\u00fc\u00e7\u00fcnc\u00fc <\/b> <b>taraf\u201d<\/b> <span style=\"font-weight: 400;\">\u00e7erezler <\/span> <span style=\"font-weight: 400;\">bulunmaktad\u0131r.<\/span><\/p>\n<p><span style=\"font-weight: 400;\">Sitemizde, <\/span> <span style=\"font-weight: 400;\">sosyal a\u011f eklentilerden faydalan\u0131lmaktad\u0131r. Bu eklentiler ile <\/span> <span style=\"font-weight: 400;\">ilgili sosyal a\u011f size ait verilere ula\u015farak i\u015fleyebilir ve ilgili <\/span> <span style=\"font-weight: 400;\">sosyal a\u011fdaki hesab\u0131n\u0131za ait verilerle birle\u015ftirebilir. Sosyal <\/span> <span style=\"font-weight: 400;\">a\u011flar\u0131n ki\u015fisel verilerinizi i\u015fleme amac\u0131, y\u00f6ntemleri, <\/span> <span style=\"font-weight: 400;\">s\u00fcresine ili\u015fkin detayl\u0131 bilgi almak i\u00e7in ilgili sosyal a\u011flara <\/span> <span style=\"font-weight: 400;\">ait ki\u015fisel verilerin i\u015flenmesi politikalar\u0131n\u0131 inceleyin.<\/span><\/p>\n<p><b>\u00c7erez <\/b> <b>t\u00fcrleri ve kullan\u0131m ama\u00e7lar\u0131:<\/b><\/p>\n<p><b>Zorunlu <\/b> <b>\u00c7erezler: <\/b><span style=\"font-weight: 400;\">Sitemizin <\/span> <span style=\"font-weight: 400;\">do\u011fru \u00e7al\u0131\u015fmas\u0131nda zorunlu olan \u00e7erezler, g\u00fcvenlik ve <\/span> <span style=\"font-weight: 400;\">do\u011frulama gibi ama\u00e7lar i\u00e7in kullan\u0131lmaktad\u0131r. Kimlik do\u011frulama, <\/span> <span style=\"font-weight: 400;\">mevcut oturum bilgilerinin kaybolmamas\u0131 i\u00e7in kullan\u0131lmaktad\u0131r.<\/span><\/p>\n<p><b>\u0130\u015flev <\/b> <b>\u00c7erezleri: <\/b><span style=\"font-weight: 400;\">Site <\/span> <span style=\"font-weight: 400;\">ziyaret\u00e7ilerinin dil, metin font boyu vd. tercihlerinin <\/span> <span style=\"font-weight: 400;\">hat\u0131rlanmas\u0131n\u0131 sa\u011flayan \u00e7erezlerdir.<\/span><\/p>\n<p><b>Performans <\/b> <b>ve Analiz \u00c7erezleri: <\/b><span style=\"font-weight: 400;\">Sitemizin <\/span> <span style=\"font-weight: 400;\">geli\u015ftirilmesine yard\u0131mc\u0131 olan, ziyaret\u00e7ilerin site kullan\u0131mlar\u0131 <\/span> <span style=\"font-weight: 400;\">hakk\u0131nda bilgi toplayarak, sitenin gerekti\u011fi gibi \u00e7al\u0131\u015f\u0131p <\/span> <span style=\"font-weight: 400;\">\u00e7al\u0131\u015fmad\u0131\u011f\u0131n\u0131 denetleyen, hatalar\u0131n tespitinde kullan\u0131lan <\/span> <span style=\"font-weight: 400;\">\u00e7erezlerdir.<\/span><\/p>\n<p><b>Hedefleme <\/b> <b>ve Reklam \u00c7erezleri: <\/b><span style=\"font-weight: 400;\">Sitemiz <\/span> <span style=\"font-weight: 400;\">veya di\u011fer alanlarda \u00fcr\u00fcn ve hizmet tan\u0131t\u0131m\u0131n\u0131 yapmak, i\u015f <\/span> <span style=\"font-weight: 400;\">ortaklar\u0131m\u0131zla ziyaret\u00e7iye ki\u015fiselle\u015ftirilmi\u015f reklam g\u00f6stermek <\/span> <span style=\"font-weight: 400;\">ve etkinli\u011fini \u00f6l\u00e7mek i\u00e7in kullan\u0131lan \u00e7erezlerdir. <\/span><\/p>\n<p><span style=\"font-weight: 400;\">Bilgisayar <\/span> <span style=\"font-weight: 400;\">veya mobil cihaz\u0131n\u0131z taray\u0131c\u0131ya ula\u015ft\u0131\u011f\u0131nda, \u00e7erez <\/span> <span style=\"font-weight: 400;\">verilerini otomatik olarak kabul eder ve \u00f6n tan\u0131mlar. <\/span><\/p>\n<p><b>\u00c7erez<\/b> <b>A\u00e7\u0131klama<\/b><\/p>\n<p><span style=\"font-weight: 400;\">Hukuk B\u00fcrosu<\/span><span style=\"font-weight: 400;\"> gerekli g\u00f6rd\u00fc\u011f\u00fc durumlarda, sitede \u00e7erezleri kullan\u0131mdan kald\u0131r\u0131labilir, t\u00fcrleri veya fonksiyonlar\u0131 de\u011fi\u015ftirebilir veya yenilerini ekleyebilir. \u00c7erez de\u011fi\u015fiklikleri, g\u00fcncelleme tarihinden itibaren ge\u00e7erli olacakt\u0131r.<\/span><\/p>\n<p><span style=\"font-weight: 400;\">\u00d6n tan\u0131ml\u0131 cihaz\u0131n\u0131za yerle\u015ftirilen \u00e7erezleri, yerle\u015ftirilmesini istemiyorsan\u0131z, \u00e7erezlerin kullan\u0131m\u0131n\u0131 reddedebilir, silebilir, eri\u015fime kapatabilirsiniz. Bu durumda baz\u0131 alanlar\u0131, d\u00fczg\u00fcn kullanamayabilirsiniz.<\/span><\/p>\n<p><span style=\"font-weight: 400;\">\u00c7erezler ve di\u011fer ki\u015fisel verilerinizin i\u015flenmesi hakk\u0131nda detayl\u0131 bilgiye, <\/span><span style=\"font-weight: 400;\">(<\/span><span style=\"font-weight: 400;\">www.kazancihukukburosu..com<\/span><span style=\"font-weight: 400;\">)<\/span><span style=\"font-weight: 400;\"> adresinde yer alan <\/span><span style=\"font-weight: 400;\">Hukuk B\u00fcrosu<\/span><span style=\"font-weight: 400;\"> Ki\u015fisel Verilerin Korunmas\u0131 ve \u0130\u015flenmesi Politikas\u0131\u2019ndan ula\u015fabilirsiniz.<\/span><\/p>\n<p><span style=\"font-weight: 400;\">Ki\u015fisel verilerinizi yukar\u0131da belirtilen ama\u00e7lar\u0131n ger\u00e7ekle\u015ftirilebilmesi ile s\u0131n\u0131rl\u0131 ve mevzuata uygun \u015fekilde tedarik\u00e7ilerimiz, kanunen yetkili kamu kurumlar\u0131 ile payla\u015fabiliriz<\/span><\/p>\n<p><b>\u00c7erezlerin Kullan\u0131m\u0131 ve Kontrol\u00fc<\/b><\/p>\n<p><span style=\"font-weight: 400;\">18 ya\u015f\u0131n alt\u0131ndaysan\u0131z, Sitemizi ebeveynlerin refakati alt\u0131nda ziyaret ediniz. Ebeveynlerin refakati olmadan Sitemizde ki\u015fisel veri payla\u015fmay\u0131n\u0131z.<\/span><\/p>\n<p><span style=\"font-weight: 400;\">\u00c7erezleri kulland\u0131\u011f\u0131n\u0131z internet taray\u0131c\u0131 ayarlar\u0131 \u00fczerinden engelleyebilir veya silebilirsiniz. A\u015fa\u011f\u0131da farkl\u0131 internet taray\u0131c\u0131lar\u0131 \u00fczerinden \u00e7erezlerin kullan\u0131lmas\u0131n\u0131 engellemek veya silmek i\u00e7in hangi ad\u0131mlar\u0131n izlenmesi gerekti\u011fine ili\u015fkin bilgiler verilmektedir:<\/span> <b>Bilgisayar;<\/b><b><br \/>\n<\/b> <b>\u2022 Internet Explorer <\/b><span style=\"font-weight: 400;\">-&gt;Ara\u00e7lar -&gt; \u0130nternet se\u00e7enekleri -&gt; Gizlilik -&gt; Ayarlar -&gt; Tamam<\/span><\/p>\n<ul>\n<li><b>Microsoft Edge <\/b><span style=\"font-weight: 400;\">-&gt; \u00dc\u00e7 nokta -&gt; Ayarlar -&gt; Temizlenecek \u00d6\u011feleri Se\u00e7 -&gt; Tamam<\/span><\/li>\n<li><b>Google Chrome <\/b><span style=\"font-weight: 400;\">-&gt; Ayarlar -&gt; Geli\u015fmi\u015f -&gt; Gizlilik ve g\u00fcvenlik -&gt; \u0130\u00e7erik ayarlar\u0131 -&gt; \u00c7erezler -&gt; T\u00fcm \u00e7erezler ve site verileri -&gt; Web Sitesi-&gt; Kald\u0131r<\/span><\/li>\n<li><b>Mozilla Firefox<\/b><span style=\"font-weight: 400;\">-&gt; Se\u00e7enekler -&gt; Gizlilik ve G\u00fcvenlik -&gt; Ge\u00e7mi\u015f -&gt; Firefox ayar\u0131n\u0131 ge\u00e7mi\u015f i\u00e7in \u00f6zel ayarlar\u0131 kullans\u0131n olarak de\u011fi\u015ftirin -&gt; \u00c7erezleri g\u00f6ster-&gt; Arama: alan\u0131na, \u00e7erezlerini silmek istedi\u011finiz sitenin ad\u0131n\u0131 yaz\u0131n-&gt; Silmek istedi\u011finiz \u00e7erez(ler)i se\u00e7in -&gt; Se\u00e7ilenleri sil -&gt; Kapat<\/span><\/li>\n<li><b>Safari <\/b><span style=\"font-weight: 400;\">-&gt; Tercihler -&gt; Gizlilik -&gt; Web Sitesi Verilerini -&gt; Bir veya daha fazla web sitesi se\u00e7in -&gt; Sil veya T\u00fcm\u00fcn\u00fc Sil<\/span><\/li>\n<\/ul>\n<p><b>Mobil;<\/b><\/p>\n<p><b>Apple Cihazda;<\/b><\/p>\n<p><span style=\"font-weight: 400;\">&#8220;Ayarlar -&gt; Safari -&gt; Ge\u00e7mi\u015fi ve Web Sitesi Verilerini Sil&#8221; ad\u0131mlar\u0131 ile tarama ge\u00e7mi\u015finizi ve \u00e7erezleri temizleyebilirsiniz.<\/span><\/p>\n<p><span style=\"font-weight: 400;\">\u00c7erezleri silip ge\u00e7mi\u015finizi tutmak i\u00e7in &#8220;Ayarlar -&gt; Safari -&gt; \u0130leri D\u00fczey -&gt; Web Sitesi Verileri -&gt; T\u00fcm Web Sitesi Verilerini Sil&#8221; ad\u0131mlar\u0131n\u0131 izleyebilirsiniz.<\/span><\/p>\n<p><span style=\"font-weight: 400;\">Siteleri ziyaret ederken ge\u00e7mi\u015f verilerinin tutulmas\u0131n\u0131 istemiyorsan\u0131z;<\/span><\/p>\n<p><span style=\"font-weight: 400;\">&#8220;Safari -&gt; Site simgesi -&gt; \u00d6zel -&gt; Bitti&#8221; ad\u0131mlar\u0131n\u0131 izleyerek \u00f6zel dola\u015f\u0131m\u0131 aktif hale getirebilirsiniz.<\/span><\/p>\n<p><span style=\"font-weight: 400;\">&#8220;Ayarlar -&gt; Safari -&gt; T\u00fcm \u00c7erezleri Engelle&#8221; ad\u0131mlar\u0131 ile \u00e7erezleri engelleyebilirsiniz. \u00c7erezleri engelledi\u011finizde baz\u0131 siteler d\u00fczg\u00fcn \u00e7al\u0131\u015fmayabilir.<\/span><\/p>\n<p><b>Android Cihazda;<\/b><\/p>\n<p><span style=\"font-weight: 400;\">&#8220;Chrome uygulamas\u0131 -&gt; Ayarlar -&gt; Gizlilik -&gt; Tarama verilerini temizle -&gt; \u00c7erezler, medya lisanslar\u0131 ve site verileri -&gt; Verileri Temizle&#8221; se\u00e7ene\u011fi ile \u00e7erezleri temizleyebilirsiniz.<\/span><\/p>\n<p><span style=\"font-weight: 400;\">&#8220;Chrome Uygulamas\u0131 -&gt; Ayarlar -&gt; Site Ayarlar\u0131 -&gt; \u00c7erezler&#8221; se\u00e7ene\u011fi ile \u00e7erezlere izin verebilir veya engelleyebilirsiniz.<\/span><\/p>\n<p><span style=\"font-weight: 400;\">Di\u011fer ana web taray\u0131c\u0131lar\u0131nda bu i\u015flemin nas\u0131l yap\u0131laca\u011f\u0131 hakk\u0131nda daha fazla bilgiyi https:\/\/www.esb.org.tr\/cerez-bellek veya https:\/\/www.aboutcookies.org adresinde bulabilirsiniz. Sitemizin geride b\u0131rakt\u0131\u011f\u0131 t\u00fcm \u00e7erezleri \u00fc\u00e7\u00fcnc\u00fc parti yaz\u0131l\u0131mlarla da silebilirsiniz.<\/span><\/p>\n<p><b>Veri Sahibi Haklar\u0131<\/b><\/p>\n<p><span style=\"font-weight: 400;\">Kanunun \u201c<\/span><b>\u0130lgili ki\u015finin haklar\u0131<\/b><span style=\"font-weight: 400;\">\u201dn\u0131 d\u00fczenleyen 11. maddesi kapsam\u0131ndaki taleplerinizi, ayr\u0131nt\u0131s\u0131n\u0131 <\/span><span style=\"font-weight: 400;\">www.kazancihukukburosu..com<\/span><span style=\"font-weight: 400;\"> adresinde bulunan, <\/span><span style=\"font-weight: 400;\">Hukuk B\u00fcrosu<\/span><span style=\"font-weight: 400;\"> Ki\u015fisel Verilerin Korunmas\u0131 ve \u0130\u015flenmesi Politikas\u0131nda d\u00fczenlendi\u011fi \u015fekilde, <\/span><b>Ba\u015fvuru Formunu, <\/b><span style=\"font-weight: 400;\">Formda belirtilen adresler \u00fczerinden <\/span><span style=\"font-weight: 400;\">Hukuk B\u00fcrosu<\/span><span style=\"font-weight: 400;\">\u2019e ileterek yapabilirsiniz. Talebiniz en ge\u00e7 otuz g\u00fcn i\u00e7inde \u00fccretsiz olarak sonu\u00e7land\u0131r\u0131l\u0131r. Talebinizin kar\u015f\u0131lanmas\u0131 ayr\u0131ca bir maliyet gerektirmesi halinde, Ki\u015fisel Verileri Koruma Kurulu taraf\u0131ndan belirlenecek tarifeye g\u00f6re, taraf\u0131n\u0131zdan \u00fccret talep edilebilecektir.<\/span><\/p>\n<p>&nbsp;<\/p>\n<p><span style=\"font-weight: 400;\">Av. Elife KAZANCI<\/span><\/p>\n<p><b>Adres:<\/b> <span style=\"font-weight: 400;\">Havzan Mh. Yeni Meram Cd. No:11\/4 Meram\/KONYA<\/span><\/p>\n<p><b>E Posta:<\/b> <span style=\"font-weight: 400;\">avukatelifekazanci@gmail.com<\/span><\/p>\n<p>&nbsp;<\/p>\n","protected":false},"excerpt":{"rendered":"<p>KAZANCI HUKUK B\u00dcROSU VE ARABULUCULUK \u0130NTERNET S\u0130TESI \u00c7EREZ AYDINLATMA METN\u0130 Sizleri 6698 say\u0131l\u0131 Ki\u015fisel Verilerin Korunmas\u0131 Kanunu (\u201cKanun\u201d), 5651 say\u0131l\u0131 \u0130nternet Ortam\u0131nda Yap\u0131lan Yay\u0131nlar\u0131n D\u00fczenlenmesi ve Bu Yay\u0131nlar Yoluyla \u0130\u015flenen Su\u00e7larla M\u00fccadele Edilmesi Hakk\u0131nda Kanun ve di\u011fer ba\u011fl\u0131 mevzuatlara uygun, web sitemizde (www.kazancihukukburosu..com) kullan\u0131ld\u0131\u011f\u0131m\u0131z \u00e7erez t\u00fcrleri, kullan\u0131m ama\u00e7lar\u0131 ve ayarlar\u0131, y\u00f6netilmesi ve silinmesi hakk\u0131nda bilgilendirmek [&hellip;]<\/p>\n","protected":false},"author":1,"featured_media":0,"parent":0,"menu_order":0,"comment_status":"closed","ping_status":"closed","template":"","meta":[],"_links":{"self":[{"href":"https:\/\/kazancihukukburosu.com\/index.php?rest_route=\/wp\/v2\/pages\/6153"}],"collection":[{"href":"https:\/\/kazancihukukburosu.com\/index.php?rest_route=\/wp\/v2\/pages"}],"about":[{"href":"https:\/\/kazancihukukburosu.com\/index.php?rest_route=\/wp\/v2\/types\/page"}],"author":[{"embeddable":true,"href":"https:\/\/kazancihukukburosu.com\/index.php?rest_route=\/wp\/v2\/users\/1"}],"replies":[{"embeddable":true,"href":"https:\/\/kazancihukukburosu.com\/index.php?rest_route=%2Fwp%2Fv2%2Fcomments&post=6153"}],"version-history":[{"count":1,"href":"https:\/\/kazancihukukburosu.com\/index.php?rest_route=\/wp\/v2\/pages\/6153\/revisions"}],"predecessor-version":[{"id":6154,"href":"https:\/\/kazancihukukburosu.com\/index.php?rest_route=\/wp\/v2\/pages\/6153\/revisions\/6154"}],"wp:attachment":[{"href":"https:\/\/kazancihukukburosu.com\/index.php?rest_route=%2Fwp%2Fv2%2Fmedia&parent=6153"}],"curies":[{"name":"wp","href":"https:\/\/api.w.org\/{rel}","templated":true}]}}